{"id":889,"date":"2018-02-15T16:02:18","date_gmt":"2018-02-15T16:02:18","guid":{"rendered":"http:\/\/campinghawaii.it\/preise\/"},"modified":"2026-01-26T10:40:48","modified_gmt":"2026-01-26T10:40:48","slug":"preise","status":"publish","type":"page","link":"https:\/\/campinghawaii.it\/de\/preise\/","title":{"rendered":"Preise"},"content":{"rendered":"\n<h2 class=\"wp-block-heading\">Camping<\/h2>\n\n<div class=\"wp-block-group box is-layout-constrained wp-block-group-is-layout-constrained\">    <div id=\"grafico-legenda-container-gp-69e34a3272c1b\" style=\"margin-bottom: 10px;\"><\/div>\r\n    <div id=\"grafico-canvas-wrapper-gp-69e34a3272c1b\" style=\"position: relative; width: 100%;\">\r\n        <canvas id=\"graficoPrezzi-gp-69e34a3272c1b\"><\/canvas>\r\n    <\/div>\r\n    <!-- Dati inseriti direttamente nel DOM per evitare errori di caricamento JS -->\r\n    <script class=\"grafico-prezzi-dati\" type=\"application\/json\">\r\n        {\"unique_id\":\"gp-69e34a3272c1b\",\"periodi\":[{\"start\":\"23\\\/04\\\/2026\",\"end\":\"22\\\/05\\\/2026\",\"label\":\"Nebensaison\",\"colIndex\":0},{\"start\":\"23\\\/05\\\/2026\",\"end\":\"19\\\/06\\\/2026\",\"label\":\"Zwischensaison\",\"colIndex\":1},{\"start\":\"20\\\/06\\\/2026\",\"end\":\"23\\\/08\\\/2026\",\"label\":\"Hauptsaison\",\"colIndex\":2},{\"start\":\"24\\\/08\\\/2026\",\"end\":\"12\\\/09\\\/2026\",\"label\":\"Zwischensaison\",\"colIndex\":1},{\"start\":\"13\\\/09\\\/2026\",\"end\":\"27\\\/09\\\/2026\",\"label\":\"Nebensaison\",\"colIndex\":0}],\"categorie\":[{\"nome\":\"Erwachsene\",\"prezzi\":[8,10,14]},{\"nome\":\"Kinder von 1\\u20138 Jahren\",\"prezzi\":[4,5,6]},{\"nome\":\"Kleines Zelt\",\"prezzi\":[8,10,12]},{\"nome\":\"Mittleres Zelt\",\"prezzi\":[10,12,14]},{\"nome\":\"Gro\\u00dfes Zelt\",\"prezzi\":[6,12,13,17]},{\"nome\":\"Wohnmobil-Roulette\",\"prezzi\":[12,15,0]},{\"nome\":\"Zus\\u00e4tzlicher Platz\",\"prezzi\":[2,3,0]},{\"nome\":\"G\\u00e4ste\",\"prezzi\":[8,10,14]}],\"colori_custom\":{\"Bassa Stagione\":\"#4caf50\",\"Media Stagione\":\"#ffc107\",\"Alta Stagione\":\"#f44336\"},\"options\":{\"show_legend\":true,\"show_header\":true,\"show_col\":true,\"monochrome_mode\":true,\"base_color\":\"#256ab3\"},\"testi\":{\"dal\":\"dal\",\"al\":\"al\"},\"locale\":\"de-DE\",\"debug\":{\"csv_path\":\"WP Backend (Post ID: 4622)\",\"labels\":[\"\",\"Nebensaison\",\" Zwischensaison\",\" Hauptsaison\"],\"periodi_trovati\":5,\"categorie_trovate\":8}}    <\/script>\r\n\n<\/div>\n\n<p class=\"has-small-font-size\">The rates indicated include electricity connection, Wi-Fi, and entertainment during periods when electricity is available. The pitches cannot be reserved\/reserved and must always be inhabited. No crew changes may be made. Minors may not be admitted unless accompanied by their parents or acting in their place.<\/p>\n\n<p><strong>E\u2019 es ist m\u00f6glich, den Catering-Service zu nutzen<\/strong><\/p>\n\n<ul class=\"wp-block-list\">\n<li>Volle Rente \u20ac 280 \u20ac\/ sept.\/ Person (Kinder unter 9 Jahren Wohnung zum Konsum)<\/li>\n\n\n\n<li>Halbpension \u20ac 175 \u20ac\/ Sept.\/ Person (Kinder unter 9 Jahren Wohnung zum Verzehr)<\/li>\n<\/ul>\n\n<div style=\"height:77px\" aria-hidden=\"true\" class=\"wp-block-spacer\"><\/div>\n\n<h2 class=\"wp-block-heading\"> Bungalows und Mobilheime<\/h2>\n\n<div class=\"wp-block-group box is-layout-constrained wp-block-group-is-layout-constrained\">    <div id=\"grafico-legenda-container-gp-69e34a3272ffd\" style=\"margin-bottom: 10px;\"><\/div>\r\n    <div id=\"grafico-canvas-wrapper-gp-69e34a3272ffd\" style=\"position: relative; width: 100%;\">\r\n        <canvas id=\"graficoPrezzi-gp-69e34a3272ffd\"><\/canvas>\r\n    <\/div>\r\n    <!-- Dati inseriti direttamente nel DOM per evitare errori di caricamento JS -->\r\n    <script class=\"grafico-prezzi-dati\" type=\"application\/json\">\r\n        {\"unique_id\":\"gp-69e34a3272ffd\",\"periodi\":[{\"start\":\"23\\\/04\\\/2026\",\"end\":\"30\\\/5\\\/2026\",\"label\":\"settimana 1\",\"colIndex\":0},{\"start\":\"30\\\/5\\\/2026\",\"end\":\"06\\\/6\\\/2026\",\"label\":\"settimana 2\",\"colIndex\":1},{\"start\":\"06\\\/6\\\/2026\",\"end\":\"13\\\/6\\\/2026\",\"label\":\"settimana 3\",\"colIndex\":2},{\"start\":\"13\\\/6\\\/2026\",\"end\":\"20\\\/6\\\/2026\",\"label\":\"settimana 4\",\"colIndex\":3},{\"start\":\"20\\\/6\\\/2026\",\"end\":\"27\\\/6\\\/2026\",\"label\":\"settimana 5\",\"colIndex\":4},{\"start\":\"27\\\/6\\\/2026\",\"end\":\"01\\\/8\\\/2026\",\"label\":\"settimana 6\",\"colIndex\":5},{\"start\":\"01\\\/8\\\/2026\",\"end\":\"22\\\/8\\\/2026\",\"label\":\"settimana 7\",\"colIndex\":6},{\"start\":\"22\\\/8\\\/2026\",\"end\":\"29\\\/8\\\/2026\",\"label\":\"settimana 8\",\"colIndex\":7},{\"start\":\"29\\\/8\\\/2026\",\"end\":\"05\\\/9\\\/2026\",\"label\":\"settimana 9\",\"colIndex\":8},{\"start\":\"05\\\/9\\\/2026\",\"end\":\"12\\\/9\\\/2026\",\"label\":\"settimana 10\",\"colIndex\":9},{\"start\":\"12\\\/9\\\/2026\",\"end\":\"26\\\/9\\\/2026\",\"label\":\"settimana 11\",\"colIndex\":10}],\"categorie\":[{\"nome\":\"Bungalow 2 Personen\",\"prezzi\":[300,400,450,550,800,900,1150,900,700,550,400]},{\"nome\":\"Bungalow 4 Personen\",\"prezzi\":[400,500,550,650,950,1150,1400,1150,800,650,500]},{\"nome\":\"Bungalow 6 Personen\",\"prezzi\":[500,600,700,850,1000,1250,1700,1250,900,750,600]},{\"nome\":\"Mobilheim 4 Personen\",\"prezzi\":[400,450,500,600,900,1050,1300,1050,700,650,500]},{\"nome\":\"Mobilheim 2 Personen\",\"prezzi\":[300,400,450,500,750,850,1050,850,650,550,400]}],\"colori_custom\":{\"settimana 1\":\"#4caf50\",\" settimana 2\":\"#ffc107\",\" settimana 3\":\"#f44336\",\"settimana 4\":\"#2196f3\",\"settimana 5\":\"#9c27b0\",\"settimana 6\":\"#00bcd4\",\"settimana 7\":\"#ff9800\",\"settimana 8\":\"#e91e63\",\"settimana 9\":\"#8bc34a\",\"settimana 10\":\"#03a9f4\",\"settimana 11\":\"#795548\"},\"options\":{\"show_legend\":false,\"show_header\":true,\"show_col\":true,\"monochrome_mode\":true,\"base_color\":\"#256ab3\"},\"testi\":{\"dal\":\"dal\",\"al\":\"al\"},\"locale\":\"de-DE\",\"debug\":{\"csv_path\":\"WP Backend (Post ID: 4620)\",\"labels\":[\"\",\"settimana 1\",\" settimana 2\",\" settimana 3\",\"settimana 4\",\"settimana 5\",\"settimana 6\",\"settimana 7\",\"settimana 8\",\"settimana 9\",\"settimana 10\",\"settimana 11\"],\"periodi_trovati\":11,\"categorie_trovate\":5}}    <\/script>\r\n\n<\/div>\n\n<p class=\"has-small-font-size\">Die Unterkunft wird am Anreisetag um 16:00 Uhr geliefert und muss am Abreisetag bis 10:00 Uhr ger\u00e4umt sein. Sie sind mit Klimaanlage, Bad, K\u00fcche, M\u00f6beln und Geschirr ausgestattet, ausgenommen Kaffeemaschine, Haartrockner, Bettw\u00e4sche, Seifen, Toilettenpapier. Wir f\u00fchren Ank\u00fcnfte und Abfl\u00fcge am Samstag im Samstag oder Sonntag im Sonntag durch. Die Preise beinhalten Mehrwertsteuer, Strom-, Gas- und Klimaanlagenverbrauch, Endreinigung, Parken eines Autos und Unterhaltung in Zeiten, in denen es vorhanden ist.<\/p>\n\n<p>E\u2019 Es besteht die M\u00f6glichkeit, den Catering-Service zu nutzen:<\/p>\n\n<ul class=\"wp-block-list\">\n<li>Volle Rente \u20ac 280 pro erwachsener Person (Kinder unter 9 Jahren Wohnung zum Konsum)<\/li>\n\n\n\n<li>Halbpension \u20ac 175 pro erwachsener Person (Kinder unter 9 Jahren zum Verzehr).<\/li>\n\n\n\n<li>Strandservice: 1 Regenschirm + 2 Sonnenliegen = 150 \u20ac\/Woche<\/li>\n<\/ul>\n","protected":false},"excerpt":{"rendered":"<p>Camping The rates indicated include electricity connection, Wi-Fi, and entertainment during periods when electricity is available. The pitches cannot be reserved\/reserved and must always be inhabited. No crew changes may be made. Minors may not be admitted unless accompanied by their parents or acting in their place. E\u2019 es ist m\u00f6glich, den Catering-Service zu nutzen [&hellip;]<\/p>\n","protected":false},"author":1,"featured_media":0,"parent":0,"menu_order":0,"comment_status":"closed","ping_status":"closed","template":"","meta":{"footnotes":""},"class_list":["post-889","page","type-page","status-publish","hentry"],"yoast_head":"<!-- This site is optimized with the Yoast SEO plugin v24.5 - https:\/\/yoast.com\/wordpress\/plugins\/seo\/ -->\n<title>Preise - Camping Hawaii<\/title>\n<meta name=\"robots\" content=\"index, follow, max-snippet:-1, max-image-preview:large, max-video-preview:-1\" \/>\n<link rel=\"canonical\" href=\"https:\/\/campinghawaii.it\/de\/preise\/\" \/>\n<meta property=\"og:locale\" content=\"de_DE\" \/>\n<meta property=\"og:type\" content=\"article\" \/>\n<meta property=\"og:title\" content=\"Preise - Camping Hawaii\" \/>\n<meta property=\"og:description\" content=\"Camping The rates indicated include electricity connection, Wi-Fi, and entertainment during periods when electricity is available. The pitches cannot be reserved\/reserved and must always be inhabited. No crew changes may be made. Minors may not be admitted unless accompanied by their parents or acting in their place. E\u2019 es ist m\u00f6glich, den Catering-Service zu nutzen [&hellip;]\" \/>\n<meta property=\"og:url\" content=\"https:\/\/campinghawaii.it\/de\/preise\/\" \/>\n<meta property=\"og:site_name\" content=\"Camping Hawaii\" \/>\n<meta property=\"article:modified_time\" content=\"2026-01-26T10:40:48+00:00\" \/>\n<meta name=\"twitter:card\" content=\"summary_large_image\" \/>\n<meta name=\"twitter:label1\" content=\"Gesch\u00e4tzte Lesezeit\" \/>\n\t<meta name=\"twitter:data1\" content=\"3\u00a0Minuten\" \/>\n<script type=\"application\/ld+json\" class=\"yoast-schema-graph\">{\"@context\":\"https:\/\/schema.org\",\"@graph\":[{\"@type\":\"WebPage\",\"@id\":\"https:\/\/campinghawaii.it\/de\/preise\/\",\"url\":\"https:\/\/campinghawaii.it\/de\/preise\/\",\"name\":\"Preise - Camping Hawaii\",\"isPartOf\":{\"@id\":\"https:\/\/campinghawaii.it\/de\/#website\"},\"datePublished\":\"2018-02-15T16:02:18+00:00\",\"dateModified\":\"2026-01-26T10:40:48+00:00\",\"breadcrumb\":{\"@id\":\"https:\/\/campinghawaii.it\/de\/preise\/#breadcrumb\"},\"inLanguage\":\"de\",\"potentialAction\":[{\"@type\":\"ReadAction\",\"target\":[\"https:\/\/campinghawaii.it\/de\/preise\/\"]}]},{\"@type\":\"BreadcrumbList\",\"@id\":\"https:\/\/campinghawaii.it\/de\/preise\/#breadcrumb\",\"itemListElement\":[{\"@type\":\"ListItem\",\"position\":1,\"name\":\"Home\",\"item\":\"https:\/\/campinghawaii.it\/de\/\"},{\"@type\":\"ListItem\",\"position\":2,\"name\":\"Preise\"}]},{\"@type\":\"WebSite\",\"@id\":\"https:\/\/campinghawaii.it\/de\/#website\",\"url\":\"https:\/\/campinghawaii.it\/de\/\",\"name\":\"Camping Hawaii\",\"description\":\"International Camping Village in Italy, Tuscany, Orbetello\",\"potentialAction\":[{\"@type\":\"SearchAction\",\"target\":{\"@type\":\"EntryPoint\",\"urlTemplate\":\"https:\/\/campinghawaii.it\/de\/?s={search_term_string}\"},\"query-input\":{\"@type\":\"PropertyValueSpecification\",\"valueRequired\":true,\"valueName\":\"search_term_string\"}}],\"inLanguage\":\"de\"}]}<\/script>\n<!-- \/ Yoast SEO plugin. -->","yoast_head_json":{"title":"Preise - Camping Hawaii","robots":{"index":"index","follow":"follow","max-snippet":"max-snippet:-1","max-image-preview":"max-image-preview:large","max-video-preview":"max-video-preview:-1"},"canonical":"https:\/\/campinghawaii.it\/de\/preise\/","og_locale":"de_DE","og_type":"article","og_title":"Preise - Camping Hawaii","og_description":"Camping The rates indicated include electricity connection, Wi-Fi, and entertainment during periods when electricity is available. The pitches cannot be reserved\/reserved and must always be inhabited. No crew changes may be made. Minors may not be admitted unless accompanied by their parents or acting in their place. E\u2019 es ist m\u00f6glich, den Catering-Service zu nutzen [&hellip;]","og_url":"https:\/\/campinghawaii.it\/de\/preise\/","og_site_name":"Camping Hawaii","article_modified_time":"2026-01-26T10:40:48+00:00","twitter_card":"summary_large_image","twitter_misc":{"Gesch\u00e4tzte Lesezeit":"3\u00a0Minuten"},"schema":{"@context":"https:\/\/schema.org","@graph":[{"@type":"WebPage","@id":"https:\/\/campinghawaii.it\/de\/preise\/","url":"https:\/\/campinghawaii.it\/de\/preise\/","name":"Preise - Camping Hawaii","isPartOf":{"@id":"https:\/\/campinghawaii.it\/de\/#website"},"datePublished":"2018-02-15T16:02:18+00:00","dateModified":"2026-01-26T10:40:48+00:00","breadcrumb":{"@id":"https:\/\/campinghawaii.it\/de\/preise\/#breadcrumb"},"inLanguage":"de","potentialAction":[{"@type":"ReadAction","target":["https:\/\/campinghawaii.it\/de\/preise\/"]}]},{"@type":"BreadcrumbList","@id":"https:\/\/campinghawaii.it\/de\/preise\/#breadcrumb","itemListElement":[{"@type":"ListItem","position":1,"name":"Home","item":"https:\/\/campinghawaii.it\/de\/"},{"@type":"ListItem","position":2,"name":"Preise"}]},{"@type":"WebSite","@id":"https:\/\/campinghawaii.it\/de\/#website","url":"https:\/\/campinghawaii.it\/de\/","name":"Camping Hawaii","description":"International Camping Village in Italy, Tuscany, Orbetello","potentialAction":[{"@type":"SearchAction","target":{"@type":"EntryPoint","urlTemplate":"https:\/\/campinghawaii.it\/de\/?s={search_term_string}"},"query-input":{"@type":"PropertyValueSpecification","valueRequired":true,"valueName":"search_term_string"}}],"inLanguage":"de"}]}},"jetpack_sharing_enabled":true,"jetpack_shortlink":"https:\/\/wp.me\/P8p5FU-el","_links":{"self":[{"href":"https:\/\/campinghawaii.it\/de\/wp-json\/wp\/v2\/pages\/889","targetHints":{"allow":["GET"]}}],"collection":[{"href":"https:\/\/campinghawaii.it\/de\/wp-json\/wp\/v2\/pages"}],"about":[{"href":"https:\/\/campinghawaii.it\/de\/wp-json\/wp\/v2\/types\/page"}],"author":[{"embeddable":true,"href":"https:\/\/campinghawaii.it\/de\/wp-json\/wp\/v2\/users\/1"}],"replies":[{"embeddable":true,"href":"https:\/\/campinghawaii.it\/de\/wp-json\/wp\/v2\/comments?post=889"}],"version-history":[{"count":6,"href":"https:\/\/campinghawaii.it\/de\/wp-json\/wp\/v2\/pages\/889\/revisions"}],"predecessor-version":[{"id":4630,"href":"https:\/\/campinghawaii.it\/de\/wp-json\/wp\/v2\/pages\/889\/revisions\/4630"}],"wp:attachment":[{"href":"https:\/\/campinghawaii.it\/de\/wp-json\/wp\/v2\/media?parent=889"}],"curies":[{"name":"wp","href":"https:\/\/api.w.org\/{rel}","templated":true}]}}