{"id":886,"date":"2017-01-18T14:43:29","date_gmt":"2017-01-18T14:43:29","guid":{"rendered":"http:\/\/campinghawaii.it\/platzordnung\/"},"modified":"2017-01-18T14:43:29","modified_gmt":"2017-01-18T14:43:29","slug":"platzordnung","status":"publish","type":"page","link":"https:\/\/campinghawaii.it\/de\/platzordnung\/","title":{"rendered":"Platzordnung"},"content":{"rendered":"<p>Willkommen auf unserem Campingplatz. Wir m\u00f6chen gern, dass Sie sich sehr wohl bei uns f\u00fchlen. Dasse be w\u00fcnschen wir aber auch Ihrem Nachbarn.<\/p>\n<p><strong>Wir bitten Sie also in Ihrem eigenen Interesse auf das folgende besonders zu achten:<\/strong><\/p>\n<ol>\n<li>Sie sind gebeten, bei Ihrer Ankunft Ihre Ausweise zur Registrierung abzugeben.<\/li>\n<li>Die Campingbewohner werden h\u00f6flich darauf hingewiesen, das pers\u00f6nliche Eigentum gut zu bewahren, da die Direktion in keinem Fall verantwortlich ist bei etwaiger Vermissung oder Entwendung.<\/li>\n<li>Von 23,00 bis 7,00 Uhr morgens und von 14,00 bis 16,00 sind alle Ger\u00e4usche, die die Ruhe st\u00f6ren k\u00f6nnen, verboten. W\u00e4hrend der \u00fcbrigen Zeit muss jedoch auch die gr\u00f6sste R\u00fccksicht auf die Ruhe der \u00fcbrigen Campingbewohner in achtgenommen werden.<br \/>\n(Wer auf Radio, Plattensoieler, Fernsehen, usw, nicht werzichten zu k\u00f6nnen glaubt, wird ersucht, diese Ger\u00e4te m\u00f6glichst leise spielen zu lassen).<\/li>\n<li>In der f\u00fcr Zelte und Wohnwagen vorbehaltenen Zone haben Autos lediglich am tage der Ankunft und der endg\u00fcltigen Abreise zutritt. W\u00e4hrend ihrer (auch teilweisen) Anwesenheit haben sich Autos auf dem Parkplatz zu befinden. Die erlaube Geschwindigkeit betr\u00e4gt 5 km. Das eingangstor wird f\u00fcr die autos un 24 Uhr und f\u00fcr die personen um 1,00 Uhr geschlossen, nur das eingangstor wird um 6,30 Uhr fr\u00fch ge\u00f6ffnet.<\/li>\n<li>Auf dem gesamten Campingplatz ist der Gebrauch von Fahrr\u00e4dern, Mopeds, Motorr\u00e4dern, usw, nicht gestattet.<\/li>\n<li>ES IST STRENGSTENS VERBOTEN:<br \/>\na) Das Einschlagen von N\u00e4gels und jede Besch\u00e4digung von Baumen und Pflanzen<br \/>\nb) Das Anz\u00fcnden von Feuern in der Pineinwaldung und auf dem Strand, entsprechend der beh\u00f6rdlichen Anordnangen.<br \/>\nc) Gruben um die Zelte und wohnwagen zu Graben<br \/>\nd) Das Besch\u00e4digen der Anlagen und der Ausr\u00fcstungen des Campings.<\/li>\n<li>F\u00fcr Papier und Abf\u00e4lle sind die im Camping aufgestellten K\u00f6rbe zu benutzen. Es ist nicht gestattet, sie \u00fcber die Einz\u00e4unung, auf die D\u00fcne oder auf den Strand zu werfen..<\/li>\n<li>Das Waschen von Kleidungsst\u00fccken, Essger\u00e4ten usw, in den Waschtischen ist nicht gestattet. Es ist nicht erlaubt, an die steckkontakt Elektroger\u00e4te, wie Heizger\u00e4te, B\u00fcgeleisen, Kocheger\u00e4te, usw anzuschliessen.<\/li>\n<li>Der Zutritt von Hunden und anderen Tieren ist nicht gestattet.<\/li>\n<li>Der Gebrauch von Wasser f\u00fcr andere ald hygienische Zwecke der Campingbewohner ist nicht gestattet. Daher ist das Waschen der autos, Boote, Wohnwagen und Zelte im Camping verboten.<\/li>\n<li>Bitte h\u00fcten und begleiten Sie Ihre Kinder, Sie sind veranwortlich f\u00fcr sie. Begleiten Sie sie auf die Toilette und in die Waschr\u00e4ume.<\/li>\n<li>Es wird gebeten, sich innerhalb und ausserhalb so zu kleiden, dass die Moral dadurch nicht verletzt wird.<\/li>\n<li>G\u00e4ste der Campingbewohner sind verpflichtet, sich eitragen zu lassen, sie haben die Tarife zu behahlen und die Campingordung einzuhalten.<\/li>\n<li>Die Abreise muss der Direktion Tags zuvor mitgeteilt werden um zaubr tr\u00fch ge\u00f6nmet mit numer zelt z\u00fcrich.<\/li>\n<li>Wer die obigen Vorschriften nicht beachtet Kann aus dem verpflichtet, diesen bei der Direktion abzugeben, sie sorgt daf\u00fcr, dass dem berechtigt Eigent\u00fcmer der Gegenstand zur\u00fcckerstattet wird.<\/li>\n<li>Wer die obigen Vorchriften nicht beachtet Kann aus dem Camping ausgewiesen werden<\/li>\n<li>Es ist verboten, Zelte oder wohnwagen mit seilen oder draht zu umz\u00e4\u00fcnen, die w\u00e4sche mub auf den daf\u00fcr vorgesehenen wasche trocknenrn aufgeh\u00e4ngt werden, oder m\u00fcssen die allgemeinen trockenpl\u00e4tze ben\u00fctzt werden.<strong>Beachten Sie bitte auch die anderen Anordnungen in der Direktion.<\/strong><\/li>\n<\/ol>\n<div>Dankesch\u00f6n und gutes Campen!<br \/>\nDie Leitung<\/div>\n","protected":false},"excerpt":{"rendered":"<p>Willkommen auf unserem Campingplatz. Wir m\u00f6chen gern, dass Sie sich sehr wohl bei uns f\u00fchlen. Dasse be w\u00fcnschen wir aber auch Ihrem Nachbarn. Wir bitten Sie also in Ihrem eigenen Interesse auf das folgende besonders zu achten: Sie sind gebeten, bei Ihrer Ankunft Ihre Ausweise zur Registrierung abzugeben. Die Campingbewohner werden h\u00f6flich darauf hingewiesen, das [&hellip;]<\/p>\n","protected":false},"author":1,"featured_media":0,"parent":0,"menu_order":0,"comment_status":"closed","ping_status":"closed","template":"","meta":{"footnotes":""},"class_list":["post-886","page","type-page","status-publish","hentry"],"yoast_head":"<!-- This site is optimized with the Yoast SEO plugin v24.5 - https:\/\/yoast.com\/wordpress\/plugins\/seo\/ -->\n<title>Platzordnung - Camping Hawaii<\/title>\n<meta name=\"robots\" content=\"index, follow, max-snippet:-1, max-image-preview:large, max-video-preview:-1\" \/>\n<link rel=\"canonical\" href=\"https:\/\/campinghawaii.it\/de\/platzordnung\/\" \/>\n<meta property=\"og:locale\" content=\"de_DE\" \/>\n<meta property=\"og:type\" content=\"article\" \/>\n<meta property=\"og:title\" content=\"Platzordnung - Camping Hawaii\" \/>\n<meta property=\"og:description\" content=\"Willkommen auf unserem Campingplatz. Wir m\u00f6chen gern, dass Sie sich sehr wohl bei uns f\u00fchlen. Dasse be w\u00fcnschen wir aber auch Ihrem Nachbarn. Wir bitten Sie also in Ihrem eigenen Interesse auf das folgende besonders zu achten: Sie sind gebeten, bei Ihrer Ankunft Ihre Ausweise zur Registrierung abzugeben. Die Campingbewohner werden h\u00f6flich darauf hingewiesen, das [&hellip;]\" \/>\n<meta property=\"og:url\" content=\"https:\/\/campinghawaii.it\/de\/platzordnung\/\" \/>\n<meta property=\"og:site_name\" content=\"Camping Hawaii\" \/>\n<meta name=\"twitter:card\" content=\"summary_large_image\" \/>\n<meta name=\"twitter:label1\" content=\"Gesch\u00e4tzte Lesezeit\" \/>\n\t<meta name=\"twitter:data1\" content=\"3\u00a0Minuten\" \/>\n<script type=\"application\/ld+json\" class=\"yoast-schema-graph\">{\"@context\":\"https:\/\/schema.org\",\"@graph\":[{\"@type\":\"WebPage\",\"@id\":\"https:\/\/campinghawaii.it\/de\/platzordnung\/\",\"url\":\"https:\/\/campinghawaii.it\/de\/platzordnung\/\",\"name\":\"Platzordnung - Camping Hawaii\",\"isPartOf\":{\"@id\":\"https:\/\/campinghawaii.it\/de\/#website\"},\"datePublished\":\"2017-01-18T14:43:29+00:00\",\"breadcrumb\":{\"@id\":\"https:\/\/campinghawaii.it\/de\/platzordnung\/#breadcrumb\"},\"inLanguage\":\"de\",\"potentialAction\":[{\"@type\":\"ReadAction\",\"target\":[\"https:\/\/campinghawaii.it\/de\/platzordnung\/\"]}]},{\"@type\":\"BreadcrumbList\",\"@id\":\"https:\/\/campinghawaii.it\/de\/platzordnung\/#breadcrumb\",\"itemListElement\":[{\"@type\":\"ListItem\",\"position\":1,\"name\":\"Home\",\"item\":\"https:\/\/campinghawaii.it\/de\/\"},{\"@type\":\"ListItem\",\"position\":2,\"name\":\"Platzordnung\"}]},{\"@type\":\"WebSite\",\"@id\":\"https:\/\/campinghawaii.it\/de\/#website\",\"url\":\"https:\/\/campinghawaii.it\/de\/\",\"name\":\"Camping Hawaii\",\"description\":\"International Camping Village in Italy, Tuscany, Orbetello\",\"potentialAction\":[{\"@type\":\"SearchAction\",\"target\":{\"@type\":\"EntryPoint\",\"urlTemplate\":\"https:\/\/campinghawaii.it\/de\/?s={search_term_string}\"},\"query-input\":{\"@type\":\"PropertyValueSpecification\",\"valueRequired\":true,\"valueName\":\"search_term_string\"}}],\"inLanguage\":\"de\"}]}<\/script>\n<!-- \/ Yoast SEO plugin. -->","yoast_head_json":{"title":"Platzordnung - Camping Hawaii","robots":{"index":"index","follow":"follow","max-snippet":"max-snippet:-1","max-image-preview":"max-image-preview:large","max-video-preview":"max-video-preview:-1"},"canonical":"https:\/\/campinghawaii.it\/de\/platzordnung\/","og_locale":"de_DE","og_type":"article","og_title":"Platzordnung - Camping Hawaii","og_description":"Willkommen auf unserem Campingplatz. Wir m\u00f6chen gern, dass Sie sich sehr wohl bei uns f\u00fchlen. Dasse be w\u00fcnschen wir aber auch Ihrem Nachbarn. Wir bitten Sie also in Ihrem eigenen Interesse auf das folgende besonders zu achten: Sie sind gebeten, bei Ihrer Ankunft Ihre Ausweise zur Registrierung abzugeben. Die Campingbewohner werden h\u00f6flich darauf hingewiesen, das [&hellip;]","og_url":"https:\/\/campinghawaii.it\/de\/platzordnung\/","og_site_name":"Camping Hawaii","twitter_card":"summary_large_image","twitter_misc":{"Gesch\u00e4tzte Lesezeit":"3\u00a0Minuten"},"schema":{"@context":"https:\/\/schema.org","@graph":[{"@type":"WebPage","@id":"https:\/\/campinghawaii.it\/de\/platzordnung\/","url":"https:\/\/campinghawaii.it\/de\/platzordnung\/","name":"Platzordnung - Camping Hawaii","isPartOf":{"@id":"https:\/\/campinghawaii.it\/de\/#website"},"datePublished":"2017-01-18T14:43:29+00:00","breadcrumb":{"@id":"https:\/\/campinghawaii.it\/de\/platzordnung\/#breadcrumb"},"inLanguage":"de","potentialAction":[{"@type":"ReadAction","target":["https:\/\/campinghawaii.it\/de\/platzordnung\/"]}]},{"@type":"BreadcrumbList","@id":"https:\/\/campinghawaii.it\/de\/platzordnung\/#breadcrumb","itemListElement":[{"@type":"ListItem","position":1,"name":"Home","item":"https:\/\/campinghawaii.it\/de\/"},{"@type":"ListItem","position":2,"name":"Platzordnung"}]},{"@type":"WebSite","@id":"https:\/\/campinghawaii.it\/de\/#website","url":"https:\/\/campinghawaii.it\/de\/","name":"Camping Hawaii","description":"International Camping Village in Italy, Tuscany, Orbetello","potentialAction":[{"@type":"SearchAction","target":{"@type":"EntryPoint","urlTemplate":"https:\/\/campinghawaii.it\/de\/?s={search_term_string}"},"query-input":{"@type":"PropertyValueSpecification","valueRequired":true,"valueName":"search_term_string"}}],"inLanguage":"de"}]}},"jetpack_sharing_enabled":true,"jetpack_shortlink":"https:\/\/wp.me\/P8p5FU-ei","_links":{"self":[{"href":"https:\/\/campinghawaii.it\/de\/wp-json\/wp\/v2\/pages\/886","targetHints":{"allow":["GET"]}}],"collection":[{"href":"https:\/\/campinghawaii.it\/de\/wp-json\/wp\/v2\/pages"}],"about":[{"href":"https:\/\/campinghawaii.it\/de\/wp-json\/wp\/v2\/types\/page"}],"author":[{"embeddable":true,"href":"https:\/\/campinghawaii.it\/de\/wp-json\/wp\/v2\/users\/1"}],"replies":[{"embeddable":true,"href":"https:\/\/campinghawaii.it\/de\/wp-json\/wp\/v2\/comments?post=886"}],"version-history":[{"count":0,"href":"https:\/\/campinghawaii.it\/de\/wp-json\/wp\/v2\/pages\/886\/revisions"}],"wp:attachment":[{"href":"https:\/\/campinghawaii.it\/de\/wp-json\/wp\/v2\/media?parent=886"}],"curies":[{"name":"wp","href":"https:\/\/api.w.org\/{rel}","templated":true}]}}